{"id":8,"date":"2024-04-17T11:53:34","date_gmt":"2024-04-17T11:53:34","guid":{"rendered":"https:\/\/stglinkermm.wpenginepowered.com\/?page_id=8"},"modified":"2025-06-24T11:35:19","modified_gmt":"2025-06-24T11:35:19","slug":"home","status":"publish","type":"page","link":"https:\/\/linkerclinicalstudies.com\/es-us\/home\/","title":{"rendered":"Inicio"},"content":{"rendered":"<div data-elementor-type=\"wp-page\" data-elementor-id=\"8\" class=\"elementor elementor-8\" data-elementor-post-type=\"page\">\n\t\t\t\t<div class=\"elementor-element elementor-element-c5bb0fe header-background e-flex e-con-boxed e-con e-parent\" data-id=\"c5bb0fe\" data-element_type=\"container\" data-e-type=\"container\" data-settings=\"{&quot;background_background&quot;:&quot;gradient&quot;}\">\n\t\t\t\t\t<div class=\"e-con-inner\">\n\t\t<div class=\"elementor-element elementor-element-0cefda6 e-flex e-con-boxed e-con e-child\" data-id=\"0cefda6\" data-element_type=\"container\" data-e-type=\"container\">\n\t\t\t\t\t<div class=\"e-con-inner\">\n\t\t\t\t<div class=\"elementor-element elementor-element-7e81436 elementor-widget elementor-widget-heading\" data-id=\"7e81436\" data-element_type=\"widget\" data-e-type=\"widget\" data-widget_type=\"heading.default\">\n\t\t\t\t<div class=\"elementor-widget-container\">\n\t\t\t\t\t<h1 class=\"elementor-heading-title elementor-size-default\">Ay\u00fadenos a lograr avances en la atenci\u00f3n del mieloma m\u00faltiple<\/h1>\t\t\t\t<\/div>\n\t\t\t\t<\/div>\n\t\t\t\t<div class=\"elementor-element elementor-element-e299a12 elementor-widget__width-initial elementor-widget elementor-widget-heading\" data-id=\"e299a12\" data-element_type=\"widget\" data-e-type=\"widget\" data-widget_type=\"heading.default\">\n\t\t\t\t<div class=\"elementor-widget-container\">\n\t\t\t\t\t<h3 class=\"elementor-heading-title elementor-size-default\">Obtenga m\u00e1s informaci\u00f3n sobre los estudios cl\u00ednicos LINKER<\/h3>\t\t\t\t<\/div>\n\t\t\t\t<\/div>\n\t\t\t\t\t<\/div>\n\t\t\t\t<\/div>\n\t\t<div class=\"elementor-element elementor-element-40d175b e-flex e-con-boxed e-con e-child\" data-id=\"40d175b\" data-element_type=\"container\" data-e-type=\"container\" data-settings=\"{&quot;background_background&quot;:&quot;classic&quot;}\">\n\t\t\t\t\t<div class=\"e-con-inner\">\n\t\t\t\t\t<\/div>\n\t\t\t\t<\/div>\n\t\t\t\t\t<\/div>\n\t\t\t\t<\/div>\n\t\t<div class=\"elementor-element elementor-element-dc4f3fb e-flex e-con-boxed e-con e-parent\" data-id=\"dc4f3fb\" data-element_type=\"container\" data-e-type=\"container\">\n\t\t\t\t\t<div class=\"e-con-inner\">\n\t\t\t\t<div class=\"elementor-element elementor-element-a17c75c elementor-widget elementor-widget-heading\" data-id=\"a17c75c\" data-element_type=\"widget\" data-e-type=\"widget\" data-widget_type=\"heading.default\">\n\t\t\t\t<div class=\"elementor-widget-container\">\n\t\t\t\t\t<h2 class=\"elementor-heading-title elementor-size-default\">\u00bfEst\u00e1 considerando un estudio de investigaci\u00f3n cl\u00ednica como una opci\u00f3n para el mieloma m\u00faltiple (MM)?<\/h2>\t\t\t\t<\/div>\n\t\t\t\t<\/div>\n\t\t<div class=\"elementor-element elementor-element-a46e9b9 e-flex e-con-boxed e-con e-child\" data-id=\"a46e9b9\" data-element_type=\"container\" data-e-type=\"container\">\n\t\t\t\t\t<div class=\"e-con-inner\">\n\t\t<div class=\"elementor-element elementor-element-0798b71 e-flex e-con-boxed e-con e-child\" data-id=\"0798b71\" data-element_type=\"container\" data-e-type=\"container\">\n\t\t\t\t\t<div class=\"e-con-inner\">\n\t\t\t\t<div class=\"elementor-element elementor-element-66e244c elementor-widget elementor-widget-image\" data-id=\"66e244c\" data-element_type=\"widget\" data-e-type=\"widget\" data-widget_type=\"image.default\">\n\t\t\t\t<div class=\"elementor-widget-container\">\n\t\t\t\t\t\t\t\t\t\t\t\t\t\t\t<img fetchpriority=\"high\" decoding=\"async\" width=\"494\" height=\"472\" src=\"https:\/\/linkerclinicalstudies.com\/wp-content\/uploads\/2024\/05\/AYC-Image-PNG.png\" class=\"attachment-large size-large wp-image-224\" alt=\"\" srcset=\"https:\/\/linkerclinicalstudies.com\/wp-content\/uploads\/2024\/05\/AYC-Image-PNG.png 494w, https:\/\/linkerclinicalstudies.com\/wp-content\/uploads\/2024\/05\/AYC-Image-PNG-300x287.png 300w, https:\/\/linkerclinicalstudies.com\/wp-content\/uploads\/2024\/05\/AYC-Image-PNG-13x12.png 13w\" sizes=\"(max-width: 494px) 100vw, 494px\" \/>\t\t\t\t\t\t\t\t\t\t\t\t\t\t\t<\/div>\n\t\t\t\t<\/div>\n\t\t\t\t\t<\/div>\n\t\t\t\t<\/div>\n\t\t<div class=\"elementor-element elementor-element-8ea073d e-flex e-con-boxed e-con e-child\" data-id=\"8ea073d\" data-element_type=\"container\" data-e-type=\"container\">\n\t\t\t\t\t<div class=\"e-con-inner\">\n\t\t\t\t<div class=\"elementor-element elementor-element-10c03a2 elementor-widget elementor-widget-text-editor\" data-id=\"10c03a2\" data-element_type=\"widget\" data-e-type=\"widget\" data-widget_type=\"text-editor.default\">\n\t\t\t\t<div class=\"elementor-widget-container\">\n\t\t\t\t\t\t\t\t\tEn este sitio web se proporciona informaci\u00f3n sobre los estudios LINKER para personas con MM. Estos estudios tienen como objetivo examinar la seguridad, la tolerabilidad (c\u00f3mo reacciona el cuerpo) y la eficacia (disminuci\u00f3n de la cantidad de c\u00e9lulas cancerosas en la sangre) de un f\u00e1rmaco en investigaci\u00f3n para el tratamiento del MM. El f\u00e1rmaco del estudio se denomina \u201cen investigaci\u00f3n\u201d porque su uso a\u00fan no se ha aprobado fuera de este estudio.\t\t\t\t\t\t\t\t<\/div>\n\t\t\t\t<\/div>\n\t\t\t\t<div class=\"elementor-element elementor-element-0e3e5d0 elementor-widget elementor-widget-text-editor\" data-id=\"0e3e5d0\" data-element_type=\"widget\" data-e-type=\"widget\" data-widget_type=\"text-editor.default\">\n\t\t\t\t<div class=\"elementor-widget-container\">\n\t\t\t\t\t\t\t\t\tLos estudios cl\u00ednicos son fundamentales para investigar posibles tratamientos. Al vivir con MM, tal vez piense que ya tiene demasiado para hacer como para someterse a un estudio cl\u00ednico. Sin embargo, todas las personas que participan en este estudio cl\u00ednico tienen una funci\u00f3n importante para que aumentemos nuestros conocimientos del MM, lo que puede ayudar a otras personas con esta enfermedad en el futuro. Todos los tratamientos disponibles hoy en d\u00eda existen gracias a las personas que participaron en investigaciones.\t\t\t\t\t\t\t\t<\/div>\n\t\t\t\t<\/div>\n\t\t\t\t\t<\/div>\n\t\t\t\t<\/div>\n\t\t\t\t\t<\/div>\n\t\t\t\t<\/div>\n\t\t\t\t\t<\/div>\n\t\t\t\t<\/div>\n\t\t<div class=\"elementor-element elementor-element-249c3d4 e-flex e-con-boxed e-con e-parent\" data-id=\"249c3d4\" data-element_type=\"container\" data-e-type=\"container\" id=\"linker-studies\" data-settings=\"{&quot;background_background&quot;:&quot;classic&quot;}\">\n\t\t\t\t\t<div class=\"e-con-inner\">\n\t\t\t\t<div class=\"elementor-element elementor-element-a36f9f2 elementor-widget elementor-widget-heading\" data-id=\"a36f9f2\" data-element_type=\"widget\" data-e-type=\"widget\" data-widget_type=\"heading.default\">\n\t\t\t\t<div class=\"elementor-widget-container\">\n\t\t\t\t\t<h2 class=\"elementor-heading-title elementor-size-default\">Obtenga m\u00e1s informaci\u00f3n sobre los estudios LINKER y vea si alguno de ellos puede ser una opci\u00f3n para usted o alguien que conozca.<\/h2>\t\t\t\t<\/div>\n\t\t\t\t<\/div>\n\t\t<div class=\"elementor-element elementor-element-982a148 e-flex e-con-boxed e-con e-child\" data-id=\"982a148\" data-element_type=\"container\" data-e-type=\"container\">\n\t\t\t\t\t<div class=\"e-con-inner\">\n\t\t\t\t<div class=\"elementor-element elementor-element-737c977 elementor-widget elementor-widget-heading\" data-id=\"737c977\" data-element_type=\"widget\" data-e-type=\"widget\" data-widget_type=\"heading.default\">\n\t\t\t\t<div class=\"elementor-widget-container\">\n\t\t\t\t\t<h4 class=\"elementor-heading-title elementor-size-default\">LINKER-MM4\u200b<\/h4>\t\t\t\t<\/div>\n\t\t\t\t<\/div>\n\t\t\t\t<div class=\"elementor-element elementor-element-857472d elementor-widget elementor-widget-text-editor\" data-id=\"857472d\" data-element_type=\"widget\" data-e-type=\"widget\" data-widget_type=\"text-editor.default\">\n\t\t\t\t<div class=\"elementor-widget-container\">\n\t\t\t\t\t<style>.elementor-element-857472d{display:none !important}<\/style>\t\t\t\t<\/div>\n\t\t\t\t<\/div>\n\t\t<div class=\"elementor-element elementor-element-9a5a56d e-flex e-con-boxed e-con e-child\" data-id=\"9a5a56d\" data-element_type=\"container\" data-e-type=\"container\">\n\t\t\t\t\t<div class=\"e-con-inner\">\n\t\t\t\t<div class=\"elementor-element elementor-element-61dfc0f elementor-widget elementor-widget-text-editor\" data-id=\"61dfc0f\" data-element_type=\"widget\" data-e-type=\"widget\" data-widget_type=\"text-editor.default\">\n\t\t\t\t<div class=\"elementor-widget-container\">\n\t\t\t\t\t\t\t\t\tVea si es elegible &gt;\t\t\t\t\t\t\t\t<\/div>\n\t\t\t\t<\/div>\n\t\t\t\t<div class=\"elementor-element elementor-element-79530f0 elementor-widget elementor-widget-button\" data-id=\"79530f0\" data-element_type=\"widget\" data-e-type=\"widget\" data-widget_type=\"button.default\">\n\t\t\t\t<div class=\"elementor-widget-container\">\n\t\t\t\t\t\t\t\t\t<div class=\"elementor-button-wrapper\">\n\t\t\t\t\t<a class=\"elementor-button elementor-button-link elementor-size-sm\" href=\"https:\/\/linkerclinicalstudies.com\/es-us\/about-linker-mm4\/#pre-screener-mm4\">\n\t\t\t\t\t\t<span class=\"elementor-button-content-wrapper\">\n\t\t\t\t\t\t\t\t\t<span class=\"elementor-button-text\">M\u00e1s informaci\u00f3n<\/span>\n\t\t\t\t\t<\/span>\n\t\t\t\t\t<\/a>\n\t\t\t\t<\/div>\n\t\t\t\t\t\t\t\t<\/div>\n\t\t\t\t<\/div>\n\t\t\t\t\t<\/div>\n\t\t\t\t<\/div>\n\t\t\t\t\t<\/div>\n\t\t\t\t<\/div>\n\t\t\t\t\t<\/div>\n\t\t\t\t<\/div>\n\t\t<div class=\"elementor-element elementor-element-a7956fc e-flex e-con-boxed e-con e-parent\" data-id=\"a7956fc\" data-element_type=\"container\" data-e-type=\"container\">\n\t\t\t\t\t<div class=\"e-con-inner\">\n\t\t\t\t<div class=\"elementor-element elementor-element-88ca609 elementor-widget elementor-widget-video\" data-id=\"88ca609\" data-element_type=\"widget\" data-e-type=\"widget\" data-settings=\"{&quot;video_type&quot;:&quot;hosted&quot;,&quot;controls&quot;:&quot;yes&quot;}\" data-widget_type=\"video.default\">\n\t\t\t\t<div class=\"elementor-widget-container\">\n\t\t\t\t\t\t\t<div class=\"e-hosted-video elementor-wrapper elementor-open-inline\">\n\t\t\t\t\t<video class=\"elementor-video\" src=\"\/wp-content\/uploads\/2025\/06\/MASTER_[esES]_Regeneron_Multiple Myeloma_.mp4\" controls=\"\" preload=\"metadata\" controlslist=\"nodownload\" poster=\"https:\/\/linkerclinicalstudies.com\/wp-content\/uploads\/2025\/06\/cover_Chile.jpg\"><\/video>\n\t\t\t\t<\/div>\n\t\t\t\t\t\t<\/div>\n\t\t\t\t<\/div>\n\t\t\t\t\t<\/div>\n\t\t\t\t<\/div>\n\t\t\t\t<\/div>","protected":false},"excerpt":{"rendered":"<p>Help us advance care for multiple myeloma Find out more about the LINKER clinical studies Are you considering a clinical research study as an option for multiple myeloma (MM)? This website provides information about the LINKER studies for people with MM. These studies aim to test the safety, tolerability (how your body reacts), and efficacy [&hellip;]<\/p>\n","protected":false},"author":2,"featured_media":0,"parent":0,"menu_order":0,"comment_status":"closed","ping_status":"closed","template":"","meta":{"inline_featured_image":false,"footnotes":""},"class_list":["post-8","page","type-page","status-publish","hentry"],"_links":{"self":[{"href":"https:\/\/linkerclinicalstudies.com\/es-us\/wp-json\/wp\/v2\/pages\/8","targetHints":{"allow":["GET"]}}],"collection":[{"href":"https:\/\/linkerclinicalstudies.com\/es-us\/wp-json\/wp\/v2\/pages"}],"about":[{"href":"https:\/\/linkerclinicalstudies.com\/es-us\/wp-json\/wp\/v2\/types\/page"}],"author":[{"embeddable":true,"href":"https:\/\/linkerclinicalstudies.com\/es-us\/wp-json\/wp\/v2\/users\/2"}],"replies":[{"embeddable":true,"href":"https:\/\/linkerclinicalstudies.com\/es-us\/wp-json\/wp\/v2\/comments?post=8"}],"version-history":[{"count":0,"href":"https:\/\/linkerclinicalstudies.com\/es-us\/wp-json\/wp\/v2\/pages\/8\/revisions"}],"wp:attachment":[{"href":"https:\/\/linkerclinicalstudies.com\/es-us\/wp-json\/wp\/v2\/media?parent=8"}],"curies":[{"name":"wp","href":"https:\/\/api.w.org\/{rel}","templated":true}]}}