{"id":261,"date":"2024-05-20T11:13:58","date_gmt":"2024-05-20T11:13:58","guid":{"rendered":"https:\/\/stglinkermm.wpenginepowered.com\/?page_id=261"},"modified":"2024-08-23T09:37:54","modified_gmt":"2024-08-23T09:37:54","slug":"dei","status":"publish","type":"page","link":"https:\/\/linkerclinicalstudies.com\/es-us\/dei\/","title":{"rendered":"DEI"},"content":{"rendered":"<div data-elementor-type=\"wp-page\" data-elementor-id=\"261\" class=\"elementor elementor-261\" data-elementor-post-type=\"page\">\n\t\t\t\t<div class=\"elementor-element elementor-element-d9af76e headerHero e-flex e-con-boxed e-con e-parent\" data-id=\"d9af76e\" data-element_type=\"container\" data-e-type=\"container\" data-settings=\"{&quot;background_background&quot;:&quot;gradient&quot;}\">\n\t\t\t\t\t<div class=\"e-con-inner\">\n\t\t<div class=\"elementor-element elementor-element-8ead129 e-flex e-con-boxed e-con e-child\" data-id=\"8ead129\" data-element_type=\"container\" data-e-type=\"container\">\n\t\t\t\t\t<div class=\"e-con-inner\">\n\t\t\t\t<div class=\"elementor-element elementor-element-624a166 elementor-widget elementor-widget-heading\" data-id=\"624a166\" data-element_type=\"widget\" data-e-type=\"widget\" data-widget_type=\"heading.default\">\n\t\t\t\t<div class=\"elementor-widget-container\">\n\t\t\t\t\t<h1 class=\"elementor-heading-title elementor-size-default\">La diversidad en los estudios cl\u00ednicos<\/h1>\t\t\t\t<\/div>\n\t\t\t\t<\/div>\n\t\t\t\t<div class=\"elementor-element elementor-element-d445947 elementor-widget__width-initial elementor-widget elementor-widget-heading\" data-id=\"d445947\" data-element_type=\"widget\" data-e-type=\"widget\" data-widget_type=\"heading.default\">\n\t\t\t\t<div class=\"elementor-widget-container\">\n\t\t\t\t\t<h3 class=\"elementor-heading-title elementor-size-default\">Por qu\u00e9 la representaci\u00f3n es esencial para crear mejores opciones para todas las personas con mieloma m\u00faltiple<\/h3>\t\t\t\t<\/div>\n\t\t\t\t<\/div>\n\t\t\t\t\t<\/div>\n\t\t\t\t<\/div>\n\t\t<div class=\"elementor-element elementor-element-ea7c5eb e-flex e-con-boxed e-con e-child\" data-id=\"ea7c5eb\" data-element_type=\"container\" data-e-type=\"container\" data-settings=\"{&quot;background_background&quot;:&quot;classic&quot;}\">\n\t\t\t\t\t<div class=\"e-con-inner\">\n\t\t\t\t\t<\/div>\n\t\t\t\t<\/div>\n\t\t\t\t\t<\/div>\n\t\t\t\t<\/div>\n\t\t<div class=\"elementor-element elementor-element-bed2334 e-flex e-con-boxed e-con e-parent\" data-id=\"bed2334\" data-element_type=\"container\" data-e-type=\"container\">\n\t\t\t\t\t<div class=\"e-con-inner\">\n\t\t<div class=\"elementor-element elementor-element-b0ffa29 e-flex e-con-boxed e-con e-child\" data-id=\"b0ffa29\" data-element_type=\"container\" data-e-type=\"container\">\n\t\t\t\t\t<div class=\"e-con-inner\">\n\t\t\t\t<div class=\"elementor-element elementor-element-88e60ba elementor-widget elementor-widget-image\" data-id=\"88e60ba\" data-element_type=\"widget\" data-e-type=\"widget\" data-widget_type=\"image.default\">\n\t\t\t\t<div class=\"elementor-widget-container\">\n\t\t\t\t\t\t\t\t\t\t\t\t\t\t\t<img fetchpriority=\"high\" decoding=\"async\" width=\"511\" height=\"488\" src=\"https:\/\/linkerclinicalstudies.com\/wp-content\/uploads\/2024\/05\/DEI-2.svg\" class=\"attachment-large size-large wp-image-264\" alt=\"\" \/>\t\t\t\t\t\t\t\t\t\t\t\t\t\t\t<\/div>\n\t\t\t\t<\/div>\n\t\t\t\t\t<\/div>\n\t\t\t\t<\/div>\n\t\t<div class=\"elementor-element elementor-element-aed7a82 e-con-full e-flex e-con e-child\" data-id=\"aed7a82\" data-element_type=\"container\" data-e-type=\"container\">\n\t\t\t\t<div class=\"elementor-element elementor-element-68a20ef elementor-widget elementor-widget-text-editor\" data-id=\"68a20ef\" data-element_type=\"widget\" data-e-type=\"widget\" data-widget_type=\"text-editor.default\">\n\t\t\t\t<div class=\"elementor-widget-container\">\n\t\t\t\t\t\t\t\t\tSi a usted o a alguien que conoce le diagnosticaron mieloma m\u00faltiple, es posible que haya escuchado sobre los estudios de investigaci\u00f3n cl\u00ednica como una opci\u00f3n. Los estudios cl\u00ednicos son estudios de investigaci\u00f3n que prueban posibles tratamientos o dispositivos m\u00e9dicos, y que investigan nuevas formas de usar los tratamientos existentes. Son una parte importante del desarrollo de nuevas terapias para el mieloma m\u00faltiple.\t\t\t\t\t\t\t\t<\/div>\n\t\t\t\t<\/div>\n\t\t\t\t<div class=\"elementor-element elementor-element-b23986f elementor-widget elementor-widget-text-editor\" data-id=\"b23986f\" data-element_type=\"widget\" data-e-type=\"widget\" data-widget_type=\"text-editor.default\">\n\t\t\t\t<div class=\"elementor-widget-container\">\n\t\t\t\t\t\t\t\t\tEs esencial entender por qu\u00e9 la diversidad es importante en los ensayos cl\u00ednicos del mieloma m\u00faltiple. El mieloma m\u00faltiple afecta negativamente a las diferentes poblaciones. El g\u00e9nero, la edad y la ubicaci\u00f3n geogr\u00e1fica tienen un impacto<sup>1<\/sup>Los afroamericanos tienen el doble de probabilidades de desarrollar mieloma m\u00faltiple en comparaci\u00f3n con otras etnias. Se los suele diagnosticar a una edad m\u00e1s temprana y tienen resultados m\u00e1s deficientes<sup>2<\/sup>. Hasta el 20% de los casos de mieloma m\u00faltiple en los EE.\u202fUU. afectan a los afroamericanos, a pesar de que solo constituyan el 13% de la poblaci\u00f3n. Pese a este dato, se detect\u00f3 que los participantes afroamericanos representan un porcentaje medio de solo el 4,5% en los estudios cl\u00ednicos del mieloma m\u00faltiple<sup>3<\/sup>.\t\t\t\t\t\t\t\t<\/div>\n\t\t\t\t<\/div>\n\t\t\t\t<\/div>\n\t\t\t\t\t<\/div>\n\t\t\t\t<\/div>\n\t\t<div class=\"elementor-element elementor-element-a3de10b e-flex e-con-boxed e-con e-parent\" data-id=\"a3de10b\" data-element_type=\"container\" data-e-type=\"container\">\n\t\t\t\t\t<div class=\"e-con-inner\">\n\t\t<div class=\"elementor-element elementor-element-22a0073 e-con-full e-flex e-con e-child\" data-id=\"22a0073\" data-element_type=\"container\" data-e-type=\"container\">\n\t\t\t\t<div class=\"elementor-element elementor-element-eae4b67 elementor-widget elementor-widget-text-editor\" data-id=\"eae4b67\" data-element_type=\"widget\" data-e-type=\"widget\" data-widget_type=\"text-editor.default\">\n\t\t\t\t<div class=\"elementor-widget-container\">\n\t\t\t\t\t\t\t\t\tEl mieloma m\u00faltiple tambi\u00e9n es una enfermedad que afecta principalmente a la poblaci\u00f3n mayor; las personas reciben un diagn\u00f3stico a una edad promedio de 66-70\u202fa\u00f1os.\t\t\t\t\t\t\t\t<\/div>\n\t\t\t\t<\/div>\n\t\t\t\t<div class=\"elementor-element elementor-element-7ee2996 elementor-widget elementor-widget-text-editor\" data-id=\"7ee2996\" data-element_type=\"widget\" data-e-type=\"widget\" data-widget_type=\"text-editor.default\">\n\t\t\t\t<div class=\"elementor-widget-container\">\n\t\t\t\t\t\t\t\t\tTeniendo en cuenta estas disparidades, es importante garantizar que los estudios cl\u00ednicos sean representativos de la poblaci\u00f3n afectada por el mieloma m\u00faltiple. Entre los participantes de estudios cl\u00ednicos debe haber personas de diferentes antecedentes \u00e9tnicos y raciales, g\u00e9neros, edades, categor\u00edas de ingresos y ubicaciones geogr\u00e1ficas.\t\t\t\t\t\t\t\t<\/div>\n\t\t\t\t<\/div>\n\t\t\t\t<div class=\"elementor-element elementor-element-984bdd6 elementor-widget elementor-widget-text-editor\" data-id=\"984bdd6\" data-element_type=\"widget\" data-e-type=\"widget\" data-widget_type=\"text-editor.default\">\n\t\t\t\t<div class=\"elementor-widget-container\">\n\t\t\t\t\t\t\t\t\tCuando los estudios cl\u00ednicos incluyen un grupo diverso de participantes, los investigadores pueden determinar con mayor precisi\u00f3n la eficacia de un tratamiento en las diferentes poblaciones, e identificar los posibles efectos secundarios o las complicaciones que podr\u00edan ser espec\u00edficos de determinadas poblaciones.\t\t\t\t\t\t\t\t<\/div>\n\t\t\t\t<\/div>\n\t\t\t\t<\/div>\n\t\t<div class=\"elementor-element elementor-element-4c580ea e-flex e-con-boxed e-con e-child\" data-id=\"4c580ea\" data-element_type=\"container\" data-e-type=\"container\">\n\t\t\t\t\t<div class=\"e-con-inner\">\n\t\t\t\t<div class=\"elementor-element elementor-element-f2c0a83 elementor-widget elementor-widget-image\" data-id=\"f2c0a83\" data-element_type=\"widget\" data-e-type=\"widget\" data-widget_type=\"image.default\">\n\t\t\t\t<div class=\"elementor-widget-container\">\n\t\t\t\t\t\t\t\t\t\t\t\t\t\t\t<img decoding=\"async\" width=\"330\" height=\"315\" src=\"https:\/\/linkerclinicalstudies.com\/wp-content\/uploads\/2024\/05\/DEI-second.svg\" class=\"attachment-large size-large wp-image-265\" alt=\"\" \/>\t\t\t\t\t\t\t\t\t\t\t\t\t\t\t<\/div>\n\t\t\t\t<\/div>\n\t\t\t\t\t<\/div>\n\t\t\t\t<\/div>\n\t\t\t\t\t<\/div>\n\t\t\t\t<\/div>\n\t\t<div class=\"elementor-element elementor-element-b0f07ef e-flex e-con-boxed e-con e-parent\" data-id=\"b0f07ef\" data-element_type=\"container\" data-e-type=\"container\">\n\t\t\t\t\t<div class=\"e-con-inner\">\n\t\t<div class=\"elementor-element elementor-element-8398e6f e-flex e-con-boxed e-con e-child\" data-id=\"8398e6f\" data-element_type=\"container\" data-e-type=\"container\">\n\t\t\t\t\t<div class=\"e-con-inner\">\n\t\t\t\t<div class=\"elementor-element elementor-element-d1145c7 elementor-widget elementor-widget-image\" data-id=\"d1145c7\" data-element_type=\"widget\" data-e-type=\"widget\" data-widget_type=\"image.default\">\n\t\t\t\t<div class=\"elementor-widget-container\">\n\t\t\t\t\t\t\t\t\t\t\t\t\t\t\t<img decoding=\"async\" width=\"315\" height=\"299\" src=\"https:\/\/linkerclinicalstudies.com\/wp-content\/uploads\/2024\/05\/DEI-three.svg\" class=\"attachment-large size-large wp-image-267\" alt=\"\" \/>\t\t\t\t\t\t\t\t\t\t\t\t\t\t\t<\/div>\n\t\t\t\t<\/div>\n\t\t\t\t\t<\/div>\n\t\t\t\t<\/div>\n\t\t<div class=\"elementor-element elementor-element-247bfb2 e-con-full e-flex e-con e-child\" data-id=\"247bfb2\" data-element_type=\"container\" data-e-type=\"container\">\n\t\t\t\t<div class=\"elementor-element elementor-element-9787a02 elementor-widget elementor-widget-text-editor\" data-id=\"9787a02\" data-element_type=\"widget\" data-e-type=\"widget\" data-widget_type=\"text-editor.default\">\n\t\t\t\t<div class=\"elementor-widget-container\">\n\t\t\t\t\t\t\t\t\tAl incluir a un grupo diverso de participantes en los estudios cl\u00ednicos, los investigadores pueden entender mejor c\u00f3mo un tratamiento afecta a las diferentes poblaciones y garantizar que sea seguro para todos.\t\t\t\t\t\t\t\t<\/div>\n\t\t\t\t<\/div>\n\t\t\t\t<div class=\"elementor-element elementor-element-681a46b elementor-widget elementor-widget-text-editor\" data-id=\"681a46b\" data-element_type=\"widget\" data-e-type=\"widget\" data-widget_type=\"text-editor.default\">\n\t\t\t\t<div class=\"elementor-widget-container\">\n\t\t\t\t\t\t\t\t\tSi le interesa participar en un estudio cl\u00ednico, hable con su m\u00e9dico sobre las opciones disponibles y la importancia de la diversidad en la investigaci\u00f3n. Juntos, podemos trabajar para desarrollar tratamientos m\u00e1s eficaces y equitativos para el mieloma m\u00faltiple.\t\t\t\t\t\t\t\t<\/div>\n\t\t\t\t<\/div>\n\t\t\t\t<\/div>\n\t\t\t\t\t<\/div>\n\t\t\t\t<\/div>\n\t\t<div class=\"elementor-element elementor-element-7c63e37 fullWidthSection e-flex e-con-boxed e-con e-parent\" data-id=\"7c63e37\" data-element_type=\"container\" data-e-type=\"container\">\n\t\t\t\t\t<div class=\"e-con-inner\">\n\t\t<div class=\"elementor-element elementor-element-e51f8f0 e-con-full e-flex e-con e-child\" data-id=\"e51f8f0\" data-element_type=\"container\" data-e-type=\"container\" data-settings=\"{&quot;background_background&quot;:&quot;classic&quot;}\">\n\t\t\t\t<div class=\"elementor-element elementor-element-4d21147 elementor-widget__width-initial elementor-widget elementor-widget-heading\" data-id=\"4d21147\" data-element_type=\"widget\" data-e-type=\"widget\" data-widget_type=\"heading.default\">\n\t\t\t\t<div class=\"elementor-widget-container\">\n\t\t\t\t\t<h2 class=\"elementor-heading-title elementor-size-default\">Medidas que estamos tomando para apoyar la diversidad en los ensayos cl\u00ednicos.<\/h2>\t\t\t\t<\/div>\n\t\t\t\t<\/div>\n\t\t\t\t<div class=\"elementor-element elementor-element-9b99747 elementor-widget elementor-widget-button\" data-id=\"9b99747\" data-element_type=\"widget\" data-e-type=\"widget\" data-widget_type=\"button.default\">\n\t\t\t\t<div class=\"elementor-widget-container\">\n\t\t\t\t\t\t\t\t\t<div class=\"elementor-button-wrapper\">\n\t\t\t\t\t<a class=\"elementor-button elementor-button-link elementor-size-sm\" href=\"https:\/\/www.regeneron.com\/downloads\/regeneron-position-ethics-clinical-studies.pdf\" target=\"_blank\" rel=\"noopener\">\n\t\t\t\t\t\t<span class=\"elementor-button-content-wrapper\">\n\t\t\t\t\t\t\t\t\t<span class=\"elementor-button-text\">M\u00e1s informaci\u00f3n<\/span>\n\t\t\t\t\t<\/span>\n\t\t\t\t\t<\/a>\n\t\t\t\t<\/div>\n\t\t\t\t\t\t\t\t<\/div>\n\t\t\t\t<\/div>\n\t\t\t\t<\/div>\n\t\t<div class=\"elementor-element elementor-element-65c729f e-con-full e-flex e-con e-child\" data-id=\"65c729f\" data-element_type=\"container\" data-e-type=\"container\">\n\t\t\t\t<div class=\"elementor-element elementor-element-0fc2ec7 elementor-widget elementor-widget-text-editor\" data-id=\"0fc2ec7\" data-element_type=\"widget\" data-e-type=\"widget\" data-widget_type=\"text-editor.default\">\n\t\t\t\t<div class=\"elementor-widget-container\">\n\t\t\t\t\t\t\t\t\tSi desea obtener m\u00e1s informaci\u00f3n sobre la diversidad en los estudios cl\u00ednicos y su importancia, descargue los siguientes folletos.\t\t\t\t\t\t\t\t<\/div>\n\t\t\t\t<\/div>\n\t\t\t\t<div class=\"elementor-element elementor-element-de3c733 elementor-icon-list--layout-traditional elementor-list-item-link-full_width elementor-widget elementor-widget-icon-list\" data-id=\"de3c733\" data-element_type=\"widget\" data-e-type=\"widget\" data-widget_type=\"icon-list.default\">\n\t\t\t\t<div class=\"elementor-widget-container\">\n\t\t\t\t\t\t\t<ul class=\"elementor-icon-list-items\">\n\t\t\t\t\t\t\t<li class=\"elementor-icon-list-item\">\n\t\t\t\t\t\t\t\t\t\t\t<a href=\"https:\/\/stgolympia.wpenginepowered.com\/wp-content\/uploads\/2024\/02\/A-guide-to-the-importance-of-diversity-in-clinical-trials.pdf\" target=\"_blank\" rel=\"noopener\">\n\n\t\t\t\t\t\t\t\t\t\t\t\t<span class=\"elementor-icon-list-icon\">\n\t\t\t\t\t\t\t<svg aria-hidden=\"true\" class=\"e-font-icon-svg e-fas-chevron-circle-down\" viewbox=\"0 0 512 512\" xmlns=\"http:\/\/www.w3.org\/2000\/svg\"><path d=\"M504 256c0 137-111 248-248 248S8 393 8 256 119 8 256 8s248 111 248 248zM273 369.9l135.5-135.5c9.4-9.4 9.4-24.6 0-33.9l-17-17c-9.4-9.4-24.6-9.4-33.9 0L256 285.1 154.4 183.5c-9.4-9.4-24.6-9.4-33.9 0l-17 17c-9.4 9.4-9.4 24.6 0 33.9L239 369.9c9.4 9.4 24.6 9.4 34 0z\"><\/path><\/svg>\t\t\t\t\t\t<\/span>\n\t\t\t\t\t\t\t\t\t\t<span class=\"elementor-icon-list-text\">Una gu\u00eda sobre la importancia de la diversidad en los ensayos cl\u00ednicos<\/span>\n\t\t\t\t\t\t\t\t\t\t\t<\/a>\n\t\t\t\t\t\t\t\t\t<\/li>\n\t\t\t\t\t\t\t\t<li class=\"elementor-icon-list-item\">\n\t\t\t\t\t\t\t\t\t\t\t<a href=\"https:\/\/stgolympia.wpenginepowered.com\/wp-content\/uploads\/2024\/02\/Information-about-clinical-research-participation-for-Black-and-African-American-people-.pdf\" target=\"_blank\" rel=\"noopener\">\n\n\t\t\t\t\t\t\t\t\t\t\t\t<span class=\"elementor-icon-list-icon\">\n\t\t\t\t\t\t\t<svg aria-hidden=\"true\" class=\"e-font-icon-svg e-fas-chevron-circle-down\" viewbox=\"0 0 512 512\" xmlns=\"http:\/\/www.w3.org\/2000\/svg\"><path d=\"M504 256c0 137-111 248-248 248S8 393 8 256 119 8 256 8s248 111 248 248zM273 369.9l135.5-135.5c9.4-9.4 9.4-24.6 0-33.9l-17-17c-9.4-9.4-24.6-9.4-33.9 0L256 285.1 154.4 183.5c-9.4-9.4-24.6-9.4-33.9 0l-17 17c-9.4 9.4-9.4 24.6 0 33.9L239 369.9c9.4 9.4 24.6 9.4 34 0z\"><\/path><\/svg>\t\t\t\t\t\t<\/span>\n\t\t\t\t\t\t\t\t\t\t<span class=\"elementor-icon-list-text\">Informaci\u00f3n sobre la participaci\u00f3n en investigaciones cl\u00ednicas para personas de raza negra y afroamericana<\/span>\n\t\t\t\t\t\t\t\t\t\t\t<\/a>\n\t\t\t\t\t\t\t\t\t<\/li>\n\t\t\t\t\t\t\t\t<li class=\"elementor-icon-list-item\">\n\t\t\t\t\t\t\t\t\t\t\t<a href=\"https:\/\/stgolympia.wpenginepowered.com\/wp-content\/uploads\/2024\/02\/An-introduction-to-clinical-trials-for-Hispanics-and-Latinos-.pdf\" target=\"_blank\" rel=\"noopener\">\n\n\t\t\t\t\t\t\t\t\t\t\t\t<span class=\"elementor-icon-list-icon\">\n\t\t\t\t\t\t\t<svg aria-hidden=\"true\" class=\"e-font-icon-svg e-fas-chevron-circle-down\" viewbox=\"0 0 512 512\" xmlns=\"http:\/\/www.w3.org\/2000\/svg\"><path d=\"M504 256c0 137-111 248-248 248S8 393 8 256 119 8 256 8s248 111 248 248zM273 369.9l135.5-135.5c9.4-9.4 9.4-24.6 0-33.9l-17-17c-9.4-9.4-24.6-9.4-33.9 0L256 285.1 154.4 183.5c-9.4-9.4-24.6-9.4-33.9 0l-17 17c-9.4 9.4-9.4 24.6 0 33.9L239 369.9c9.4 9.4 24.6 9.4 34 0z\"><\/path><\/svg>\t\t\t\t\t\t<\/span>\n\t\t\t\t\t\t\t\t\t\t<span class=\"elementor-icon-list-text\">Una introducci\u00f3n a los ensayos cl\u00ednicos para hispanos y latinos<\/span>\n\t\t\t\t\t\t\t\t\t\t\t<\/a>\n\t\t\t\t\t\t\t\t\t<\/li>\n\t\t\t\t\t\t<\/ul>\n\t\t\t\t\t\t<\/div>\n\t\t\t\t<\/div>\n\t\t\t\t<\/div>\n\t\t\t\t\t<\/div>\n\t\t\t\t<\/div>\n\t\t<div class=\"elementor-element elementor-element-ebea29d elementor-hidden-mobile e-flex e-con-boxed e-con e-parent\" data-id=\"ebea29d\" data-element_type=\"container\" data-e-type=\"container\">\n\t\t\t\t\t<div class=\"e-con-inner\">\n\t\t<div class=\"elementor-element elementor-element-df35c09 e-flex e-con-boxed e-con e-child\" data-id=\"df35c09\" data-element_type=\"container\" data-e-type=\"container\">\n\t\t\t\t\t<div class=\"e-con-inner\">\n\t\t\t\t<div class=\"elementor-element elementor-element-28818b5 elementor-widget elementor-widget-text-editor\" data-id=\"28818b5\" data-element_type=\"widget\" data-e-type=\"widget\" data-widget_type=\"text-editor.default\">\n\t\t\t\t<div class=\"elementor-widget-container\">\n\t\t\t\t\t\t\t\t\t<p>Referencias<\/p>\t\t\t\t\t\t\t\t<\/div>\n\t\t\t\t<\/div>\n\t\t\t\t<div class=\"elementor-element elementor-element-2c06606 link-styles elementor-widget elementor-widget-html\" data-id=\"2c06606\" data-element_type=\"widget\" data-e-type=\"widget\" data-widget_type=\"html.default\">\n\t\t\t\t<div class=\"elementor-widget-container\">\n\t\t\t\t\t<ol>\n    <li>American Cancer Society. Myeloma Facts &amp; Statistics. Consultado el 12 de abril de 2023 de <a href=\"https:\/\/cancerstatisticscenter.cancer.org\/#!\/cancer-site\/Myeloma\" target=\"_blank\" rel=\"noopener\"> https:\/\/cancerstatisticscenter.cancer.org\/#!\/cancer-site\/Myeloma<\/a><\/li><br>\n     <li>Multiple Myeloma Research Foundation. (2021). Understanding multiple myeloma in the Black community. Consultado el 12 de abril de 2023 en <a href=\"https:\/\/themmrf.org\/multiple-myeloma\/black-patients\/\" target=\"_blank\" rel=\"noopener\"> https:\/\/themmrf.org\/multiple-myeloma\/black-patients\/a<\/a><\/li>\n     <br>\n      <li>Bhatnagar, V., Gormley, N., Kazandjian, D., Goldberg, K., McKee, A.E., Blumenthal, G., Farrell, A.T., Pazdur R. (2017). FDA Analysis of Racial Demographics in Multiple Myeloma Trials. Blood, 130 (Supplement 1): 4352. doi: <a href=\"https:\/\/doi.org\/10.1182\/blood.V130.Suppl_1.4352.4352\" target=\"_blank\" rel=\"noopener\"> https:\/\/doi.org\/10.1182\/blood.V130.Suppl_1.4352.4352a<\/a><\/li>\n<\/ol>\t\t\t\t<\/div>\n\t\t\t\t<\/div>\n\t\t\t\t\t<\/div>\n\t\t\t\t<\/div>\n\t\t\t\t\t<\/div>\n\t\t\t\t<\/div>\n\t\t<div class=\"elementor-element elementor-element-75aa0a3 elementor-hidden-desktop elementor-hidden-tablet e-flex e-con-boxed e-con e-parent\" data-id=\"75aa0a3\" data-element_type=\"container\" data-e-type=\"container\">\n\t\t\t\t\t<div class=\"e-con-inner\">\n\t\t<div class=\"elementor-element elementor-element-f4cdb77 e-flex e-con-boxed e-con e-child\" data-id=\"f4cdb77\" data-element_type=\"container\" data-e-type=\"container\">\n\t\t\t\t\t<div class=\"e-con-inner\">\n\t\t\t\t<div class=\"elementor-element elementor-element-159ab72 elementor-widget elementor-widget-text-editor\" data-id=\"159ab72\" data-element_type=\"widget\" data-e-type=\"widget\" data-widget_type=\"text-editor.default\">\n\t\t\t\t<div class=\"elementor-widget-container\">\n\t\t\t\t\t\t\t\t\t<p>Referencias<\/p>\t\t\t\t\t\t\t\t<\/div>\n\t\t\t\t<\/div>\n\t\t\t\t<div class=\"elementor-element elementor-element-de74447 link-styles elementor-hidden-desktop elementor-hidden-tablet elementor-widget elementor-widget-html\" data-id=\"de74447\" data-element_type=\"widget\" data-e-type=\"widget\" data-widget_type=\"html.default\">\n\t\t\t\t<div class=\"elementor-widget-container\">\n\t\t\t\t\t<ol>\n    <li>American Cancer Society. Myeloma Facts &amp; Statistics. Consultado el 12 de abril de 2023 de <a href=\"https:\/\/cancerstatisticscenter.cancer.org\/#!\/cancer-site\/Myeloma\" target=\"_blank\" rel=\"noopener\"> https:\/\/cancerstatistics<br>center.cancer.org\/#!\/<br>cancer-site\/Myeloma<\/a><\/li><br>\n     <li>Multiple Myeloma Research Foundation. (2021). Understanding multiple myeloma in the Black community. Consultado el 12 de abril de 2023 en <a href=\"https:\/\/themmrf.org\/multiple-myeloma\/black-patients\/\" target=\"_blank\" rel=\"noopener\"> https:\/\/themmrf.org\/<br>multiple-myeloma\/black-patients\/a<\/a><\/li>\n     <br>\n      <li>Bhatnagar, V., Gormley, N., Kazandjian, D., Goldberg, K., McKee, A.E., Blumenthal, G., Farrell, A.T., Pazdur R. (2017). FDA Analysis of Racial Demographics in Multiple Myeloma Trials. Blood, 130 (Supplement 1): 4352. doi: <a href=\"https:\/\/doi.org\/10.1182\/blood.V130.Suppl_1.4352.4352\" target=\"_blank\" rel=\"noopener\"> https:\/\/doi.org\/10.1182\/<br>blood.V130.Suppl_1.4352<br>.4352a<\/a><\/li>\n<\/ol>\t\t\t\t<\/div>\n\t\t\t\t<\/div>\n\t\t\t\t\t<\/div>\n\t\t\t\t<\/div>\n\t\t\t\t\t<\/div>\n\t\t\t\t<\/div>\n\t\t\t\t<\/div>","protected":false},"excerpt":{"rendered":"<p>Diversity in clinical studies\u200b Why representation is essential for creating better options for everyone with multiple myeloma If you or someone you know has been diagnosed with multiple myeloma, you may have heard about clinical research studies as an option. Clinical studies are research studies that test potential treatments or medical devices, as well as [&hellip;]<\/p>\n","protected":false},"author":3,"featured_media":0,"parent":0,"menu_order":0,"comment_status":"closed","ping_status":"closed","template":"","meta":{"inline_featured_image":false,"footnotes":""},"class_list":["post-261","page","type-page","status-publish","hentry"],"_links":{"self":[{"href":"https:\/\/linkerclinicalstudies.com\/es-us\/wp-json\/wp\/v2\/pages\/261","targetHints":{"allow":["GET"]}}],"collection":[{"href":"https:\/\/linkerclinicalstudies.com\/es-us\/wp-json\/wp\/v2\/pages"}],"about":[{"href":"https:\/\/linkerclinicalstudies.com\/es-us\/wp-json\/wp\/v2\/types\/page"}],"author":[{"embeddable":true,"href":"https:\/\/linkerclinicalstudies.com\/es-us\/wp-json\/wp\/v2\/users\/3"}],"replies":[{"embeddable":true,"href":"https:\/\/linkerclinicalstudies.com\/es-us\/wp-json\/wp\/v2\/comments?post=261"}],"version-history":[{"count":0,"href":"https:\/\/linkerclinicalstudies.com\/es-us\/wp-json\/wp\/v2\/pages\/261\/revisions"}],"wp:attachment":[{"href":"https:\/\/linkerclinicalstudies.com\/es-us\/wp-json\/wp\/v2\/media?parent=261"}],"curies":[{"name":"wp","href":"https:\/\/api.w.org\/{rel}","templated":true}]}}