{"id":84,"date":"2024-04-19T10:24:00","date_gmt":"2024-04-19T10:24:00","guid":{"rendered":"https:\/\/stglinkermm.wpenginepowered.com\/?page_id=84"},"modified":"2025-05-28T11:00:01","modified_gmt":"2025-05-28T11:00:01","slug":"for-hcps","status":"publish","type":"page","link":"https:\/\/linkerclinicalstudies.com\/es-cl\/for-hcps\/","title":{"rendered":"Para profesionales de servicios de la salud"},"content":{"rendered":"<div data-elementor-type=\"wp-page\" data-elementor-id=\"84\" class=\"elementor elementor-84\" data-elementor-post-type=\"page\">\n\t\t\t\t<div class=\"elementor-element elementor-element-687fe56 e-con-full e-flex e-con e-parent\" data-id=\"687fe56\" data-element_type=\"container\" data-e-type=\"container\">\n\t\t\t\t<div class=\"elementor-element elementor-element-d3dba4c elementor--h-position-left elementor--v-position-middle elementor-arrows-position-inside elementor-pagination-position-inside elementor-widget elementor-widget-slides\" data-id=\"d3dba4c\" data-element_type=\"widget\" data-e-type=\"widget\" data-settings=\"{&quot;navigation&quot;:&quot;both&quot;,&quot;infinite&quot;:&quot;yes&quot;,&quot;transition&quot;:&quot;slide&quot;,&quot;transition_speed&quot;:500}\" data-widget_type=\"slides.default\">\n\t\t\t\t<div class=\"elementor-widget-container\">\n\t\t\t\t\t\t\t\t\t<div class=\"elementor-swiper\">\n\t\t\t\t\t<div class=\"elementor-slides-wrapper elementor-main-swiper swiper\" role=\"region\" aria-roledescription=\"carousel\" aria-label=\"Slides\" dir=\"ltr\" data-animation=\"fadeInUp\">\n\t\t\t\t<div class=\"swiper-wrapper elementor-slides\">\n\t\t\t\t\t\t\t\t\t\t<div class=\"elementor-repeater-item-2330047 swiper-slide\" role=\"group\" aria-roledescription=\"slide\"><div class=\"swiper-slide-bg\" role=\"img\" aria-label=\"slide-one\"><\/div><div class=\"swiper-slide-inner\" ><div class=\"swiper-slide-contents\"><div class=\"elementor-slide-heading\">\u00bfCuida a pacientes con mieloma m\u00faltiple?<\/div><div class=\"elementor-slide-description\">Considere los estudios\u202fLINKER<\/div><\/div><\/div><\/div><div class=\"elementor-repeater-item-f349724 swiper-slide\" role=\"group\" aria-roledescription=\"slide\"><div class=\"swiper-slide-bg\" role=\"img\" aria-label=\"slide-two\"><\/div><div class=\"swiper-slide-inner\" ><div class=\"swiper-slide-contents\"><div class=\"elementor-slide-heading\">\u00bfEn qu\u00e9 consiste el estudio de investigaci\u00f3n cl\u00ednica LINKER-MM3?<\/div><div class=\"elementor-slide-description\"><a href=\"https:\/\/www.clinicaltrials.gov\/study\/NCT05730036?term=LINKER-MM3&amp;rank=1\" class=\"sliderbtn\" target=\"_blank\" rel=\"noopener\">Clinicaltrials.gov<\/a>\n<a href=\"https:\/\/euclinicaltrials.eu\/search-for-clinical-trials\/?lang=en&amp;EUCT=2022-501396-62-00\" class=\"sliderbtn\" target=\"_blank\" rel=\"noopener\">Clinicaltrialsregister.eu<\/a><\/div><\/div><\/div><\/div>\t\t\t\t<\/div>\n\t\t\t\t\t\t\t\t\t\t\t\t\t\t\t<div class=\"elementor-swiper-button elementor-swiper-button-prev\" role=\"button\" tabindex=\"0\" aria-label=\"Previous slide\">\n\t\t\t\t\t\t\t<svg aria-hidden=\"true\" class=\"e-font-icon-svg e-eicon-chevron-left\" viewbox=\"0 0 1000 1000\" xmlns=\"http:\/\/www.w3.org\/2000\/svg\"><path d=\"M646 125C629 125 613 133 604 142L308 442C296 454 292 471 292 487 292 504 296 521 308 533L604 854C617 867 629 875 646 875 663 875 679 871 692 858 704 846 713 829 713 812 713 796 708 779 692 767L438 487 692 225C700 217 708 204 708 187 708 171 704 154 692 142 675 129 663 125 646 125Z\"><\/path><\/svg>\t\t\t\t\t\t<\/div>\n\t\t\t\t\t\t<div class=\"elementor-swiper-button elementor-swiper-button-next\" role=\"button\" tabindex=\"0\" aria-label=\"Next slide\">\n\t\t\t\t\t\t\t<svg aria-hidden=\"true\" class=\"e-font-icon-svg e-eicon-chevron-right\" viewbox=\"0 0 1000 1000\" xmlns=\"http:\/\/www.w3.org\/2000\/svg\"><path d=\"M696 533C708 521 713 504 713 487 713 471 708 454 696 446L400 146C388 133 375 125 354 125 338 125 325 129 313 142 300 154 292 171 292 187 292 204 296 221 308 233L563 492 304 771C292 783 288 800 288 817 288 833 296 850 308 863 321 871 338 875 354 875 371 875 388 867 400 854L696 533Z\"><\/path><\/svg>\t\t\t\t\t\t<\/div>\n\t\t\t\t\t\t\t\t\t\t\t\t\t\t\t\t<div class=\"swiper-pagination\"><\/div>\n\t\t\t\t\t\t\t\t\t\t\t\t<\/div>\n\t\t\t\t<\/div>\n\t\t\t\t\t\t\t\t<\/div>\n\t\t\t\t<\/div>\n\t\t\t\t<\/div>\n\t\t<div class=\"elementor-element elementor-element-a53f8de e-flex e-con-boxed e-con e-parent\" data-id=\"a53f8de\" data-element_type=\"container\" data-e-type=\"container\">\n\t\t\t\t\t<div class=\"e-con-inner\">\n\t\t<div class=\"elementor-element elementor-element-3cda6d0 e-flex e-con-boxed e-con e-child\" data-id=\"3cda6d0\" data-element_type=\"container\" data-e-type=\"container\">\n\t\t\t\t\t<div class=\"e-con-inner\">\n\t\t<div class=\"elementor-element elementor-element-bfbc648 e-con-full e-flex e-con e-child\" data-id=\"bfbc648\" data-element_type=\"container\" data-e-type=\"container\">\n\t\t\t\t<div class=\"elementor-element elementor-element-ed2a575 elementor-widget__width-initial elementor-widget elementor-widget-image\" data-id=\"ed2a575\" data-element_type=\"widget\" data-e-type=\"widget\" data-widget_type=\"image.default\">\n\t\t\t\t<div class=\"elementor-widget-container\">\n\t\t\t\t\t\t\t\t\t\t\t\t\t\t\t<img fetchpriority=\"high\" decoding=\"async\" width=\"317\" height=\"301\" src=\"https:\/\/linkerclinicalstudies.com\/wp-content\/uploads\/2024\/05\/HCPFirst.png\" class=\"attachment-large size-large wp-image-282\" alt=\"\" srcset=\"https:\/\/linkerclinicalstudies.com\/wp-content\/uploads\/2024\/05\/HCPFirst.png 317w, https:\/\/linkerclinicalstudies.com\/wp-content\/uploads\/2024\/05\/HCPFirst-300x285.png 300w, https:\/\/linkerclinicalstudies.com\/wp-content\/uploads\/2024\/05\/HCPFirst-13x12.png 13w\" sizes=\"(max-width: 317px) 100vw, 317px\" \/>\t\t\t\t\t\t\t\t\t\t\t\t\t\t\t<\/div>\n\t\t\t\t<\/div>\n\t\t\t\t<\/div>\n\t\t<div class=\"elementor-element elementor-element-05a1705 e-flex e-con-boxed e-con e-child\" data-id=\"05a1705\" data-element_type=\"container\" data-e-type=\"container\">\n\t\t\t\t\t<div class=\"e-con-inner\">\n\t\t\t\t<div class=\"elementor-element elementor-element-942ce2f elementor-widget elementor-widget-text-editor\" data-id=\"942ce2f\" data-element_type=\"widget\" data-e-type=\"widget\" data-widget_type=\"text-editor.default\">\n\t\t\t\t<div class=\"elementor-widget-container\">\n\t\t\t\t\t\t\t\t\tCon opciones limitadas de tratamiento y sin cura para el mieloma m\u00faltiple (MM), actualmente, los estudios de investigaci\u00f3n cl\u00ednica LINKER se encuentran en curso para evaluar la seguridad, la tolerabilidad y la eficacia de un medicamento en investigaci\u00f3n. Considere los estudios LINKER como una oportunidad para que sus pacientes con MM tengan acceso a tratamientos emergentes.\t\t\t\t\t\t\t\t<\/div>\n\t\t\t\t<\/div>\n\t\t\t\t<div class=\"elementor-element elementor-element-529cde1 elementor-widget elementor-widget-text-editor\" data-id=\"529cde1\" data-element_type=\"widget\" data-e-type=\"widget\" data-widget_type=\"text-editor.default\">\n\t\t\t\t<div class=\"elementor-widget-container\">\n\t\t\t\t\t\t\t\t\tEl medicamento en investigaci\u00f3n se administra como una infusi\u00f3n i.v. administrada entre una vez a la semana y una vez al mes. Es un anticuerpo biespec\u00edfico que se une a la BCMA, una prote\u00edna que se encuentra a un ritmo m\u00e1s alto en las c\u00e9lulas plasm\u00e1ticas cancerosas, y a la CD3 en los linfocitos T. El medicamento del estudio se clasifica como \u201cen investigaci\u00f3n\u201d porque a\u00fan no ha obtenido la aprobaci\u00f3n para su administraci\u00f3n fuera de este estudio.\t\t\t\t\t\t\t\t<\/div>\n\t\t\t\t<\/div>\n\t\t\t\t\t<\/div>\n\t\t\t\t<\/div>\n\t\t\t\t\t<\/div>\n\t\t\t\t<\/div>\n\t\t<div class=\"elementor-element elementor-element-557f962 e-flex e-con-boxed e-con e-child\" data-id=\"557f962\" data-element_type=\"container\" data-e-type=\"container\">\n\t\t\t\t\t<div class=\"e-con-inner\">\n\t\t\t\t<div class=\"elementor-element elementor-element-b5f7212 elementor-widget elementor-widget-text-editor\" data-id=\"b5f7212\" data-element_type=\"widget\" data-e-type=\"widget\" data-widget_type=\"text-editor.default\">\n\t\t\t\t<div class=\"elementor-widget-container\">\n\t\t\t\t\t\t\t\t\tLa duraci\u00f3n de la participaci\u00f3n se basar\u00e1 en varios factores, incluida la respuesta del participante al tratamiento. Los participantes pueden permanecer en el estudio hasta que su MM progrese y se les pedir\u00e1 que asistan a las visitas del estudio desde una vez a la semana a una vez al\u202fmes.\t\t\t\t\t\t\t\t<\/div>\n\t\t\t\t<\/div>\n\t\t\t\t<div class=\"elementor-element elementor-element-f3a409e elementor-widget elementor-widget-text-editor\" data-id=\"f3a409e\" data-element_type=\"widget\" data-e-type=\"widget\" data-widget_type=\"text-editor.default\">\n\t\t\t\t<div class=\"elementor-widget-container\">\n\t\t\t\t\t\t\t\t\tSe reembolsar\u00e1 a los participantes los costos razonables relacionados con su participaci\u00f3n en los estudios LINKER, tales como costos de viaje y alimentaci\u00f3n. Se reembolsar\u00e1 a los participantes el viaje de ida y vuelta para las visitas del estudio. La atenci\u00f3n m\u00e9dica relacionada con su participaci\u00f3n, incluido el medicamento del estudio, se proporcionar\u00e1n sin costo alguno.\t\t\t\t\t\t\t\t<\/div>\n\t\t\t\t<\/div>\n\t\t\t\t\t<\/div>\n\t\t\t\t<\/div>\n\t\t\t\t\t<\/div>\n\t\t\t\t<\/div>\n\t\t<div class=\"elementor-element elementor-element-8e3cb00 e-flex e-con-boxed e-con e-parent\" data-id=\"8e3cb00\" data-element_type=\"container\" data-e-type=\"container\">\n\t\t\t\t\t<div class=\"e-con-inner\">\n\t\t<div class=\"elementor-element elementor-element-916904f e-flex e-con-boxed e-con e-child\" data-id=\"916904f\" data-element_type=\"container\" data-e-type=\"container\">\n\t\t\t\t\t<div class=\"e-con-inner\">\n\t\t<div class=\"elementor-element elementor-element-c3cb1c1 hcp-gradient-border e-flex e-con-boxed e-con e-child\" data-id=\"c3cb1c1\" data-element_type=\"container\" data-e-type=\"container\">\n\t\t\t\t\t<div class=\"e-con-inner\">\n\t\t\t\t<div class=\"elementor-element elementor-element-ffc1325 elementor-widget elementor-widget-image\" data-id=\"ffc1325\" data-element_type=\"widget\" data-e-type=\"widget\" data-widget_type=\"image.default\">\n\t\t\t\t<div class=\"elementor-widget-container\">\n\t\t\t\t\t\t\t\t\t\t\t\t\t\t\t<img decoding=\"async\" width=\"141\" height=\"141\" src=\"https:\/\/linkerclinicalstudies.com\/wp-content\/uploads\/2024\/05\/IV-icon-1.svg\" class=\"attachment-large size-large wp-image-286\" alt=\"\" \/>\t\t\t\t\t\t\t\t\t\t\t\t\t\t\t<\/div>\n\t\t\t\t<\/div>\n\t\t\t\t<div class=\"elementor-element elementor-element-920de2b elementor-widget elementor-widget-heading\" data-id=\"920de2b\" data-element_type=\"widget\" data-e-type=\"widget\" data-widget_type=\"heading.default\">\n\t\t\t\t<div class=\"elementor-widget-container\">\n\t\t\t\t\t<h4 class=\"elementor-heading-title elementor-size-default\">El medicamento en investigaci\u00f3n<br> se administra como una<br> infusi\u00f3n i.v. administrada<\/h4>\t\t\t\t<\/div>\n\t\t\t\t<\/div>\n\t\t\t\t\t<\/div>\n\t\t\t\t<\/div>\n\t\t<div class=\"elementor-element elementor-element-6e5d683 hcp-gradient-border e-flex e-con-boxed e-con e-child\" data-id=\"6e5d683\" data-element_type=\"container\" data-e-type=\"container\">\n\t\t\t\t\t<div class=\"e-con-inner\">\n\t\t\t\t<div class=\"elementor-element elementor-element-8694152 elementor-widget elementor-widget-image\" data-id=\"8694152\" data-element_type=\"widget\" data-e-type=\"widget\" data-widget_type=\"image.default\">\n\t\t\t\t<div class=\"elementor-widget-container\">\n\t\t\t\t\t\t\t\t\t\t\t\t\t\t\t<img decoding=\"async\" width=\"142\" height=\"142\" src=\"https:\/\/linkerclinicalstudies.com\/wp-content\/uploads\/2024\/05\/calendar-icon.svg\" class=\"attachment-large size-large wp-image-287\" alt=\"\" \/>\t\t\t\t\t\t\t\t\t\t\t\t\t\t\t<\/div>\n\t\t\t\t<\/div>\n\t\t\t\t<div class=\"elementor-element elementor-element-f94f5af elementor-widget elementor-widget-heading\" data-id=\"f94f5af\" data-element_type=\"widget\" data-e-type=\"widget\" data-widget_type=\"heading.default\">\n\t\t\t\t<div class=\"elementor-widget-container\">\n\t\t\t\t\t<h4 class=\"elementor-heading-title elementor-size-default\">Una infusi\u00f3n i.v. administrada<br>entre una vez a la<br>semana y una vez al mes<\/h4>\t\t\t\t<\/div>\n\t\t\t\t<\/div>\n\t\t\t\t\t<\/div>\n\t\t\t\t<\/div>\n\t\t<div class=\"elementor-element elementor-element-ed1c0f2 hcp-gradient-border e-flex e-con-boxed e-con e-child\" data-id=\"ed1c0f2\" data-element_type=\"container\" data-e-type=\"container\">\n\t\t\t\t\t<div class=\"e-con-inner\">\n\t\t\t\t<div class=\"elementor-element elementor-element-9d22233 elementor-widget elementor-widget-image\" data-id=\"9d22233\" data-element_type=\"widget\" data-e-type=\"widget\" data-widget_type=\"image.default\">\n\t\t\t\t<div class=\"elementor-widget-container\">\n\t\t\t\t\t\t\t\t\t\t\t\t\t\t\t<img loading=\"lazy\" decoding=\"async\" width=\"139\" height=\"142\" src=\"https:\/\/linkerclinicalstudies.com\/wp-content\/uploads\/2024\/05\/study-length-icon.svg\" class=\"attachment-large size-large wp-image-288\" alt=\"\" \/>\t\t\t\t\t\t\t\t\t\t\t\t\t\t\t<\/div>\n\t\t\t\t<\/div>\n\t\t\t\t<div class=\"elementor-element elementor-element-8db416b elementor-widget elementor-widget-heading\" data-id=\"8db416b\" data-element_type=\"widget\" data-e-type=\"widget\" data-widget_type=\"heading.default\">\n\t\t\t\t<div class=\"elementor-widget-container\">\n\t\t\t\t\t<h4 class=\"elementor-heading-title elementor-size-default\">La duraci\u00f3n de la participaci\u00f3n<br>se basar\u00e1 en varios<br>factores<\/h4>\t\t\t\t<\/div>\n\t\t\t\t<\/div>\n\t\t\t\t\t<\/div>\n\t\t\t\t<\/div>\n\t\t\t\t\t<\/div>\n\t\t\t\t<\/div>\n\t\t<div class=\"elementor-element elementor-element-46c4370 e-flex e-con-boxed e-con e-child\" data-id=\"46c4370\" data-element_type=\"container\" data-e-type=\"container\">\n\t\t\t\t\t<div class=\"e-con-inner\">\n\t\t\t\t<div class=\"elementor-element elementor-element-6608926 elementor-widget elementor-widget-button\" data-id=\"6608926\" data-element_type=\"widget\" data-e-type=\"widget\" data-widget_type=\"button.default\">\n\t\t\t\t<div class=\"elementor-widget-container\">\n\t\t\t\t\t\t\t\t\t<div class=\"elementor-button-wrapper\">\n\t\t\t\t\t<a class=\"elementor-button elementor-button-link elementor-size-sm\" href=\"#learnmore\">\n\t\t\t\t\t\t<span class=\"elementor-button-content-wrapper\">\n\t\t\t\t\t\t\t\t\t<span class=\"elementor-button-text\">M\u00e1s informaci\u00f3n<\/span>\n\t\t\t\t\t<\/span>\n\t\t\t\t\t<\/a>\n\t\t\t\t<\/div>\n\t\t\t\t\t\t\t\t<\/div>\n\t\t\t\t<\/div>\n\t\t\t\t\t<\/div>\n\t\t\t\t<\/div>\n\t\t\t\t\t<\/div>\n\t\t\t\t<\/div>\n\t\t<div class=\"elementor-element elementor-element-bacdd33 e-flex e-con-boxed e-con e-parent\" data-id=\"bacdd33\" data-element_type=\"container\" data-e-type=\"container\">\n\t\t\t\t\t<div class=\"e-con-inner\">\n\t\t\t\t<div class=\"elementor-element elementor-element-63a5718 elementor-widget elementor-widget-heading\" data-id=\"63a5718\" data-element_type=\"widget\" data-e-type=\"widget\" data-widget_type=\"heading.default\">\n\t\t\t\t<div class=\"elementor-widget-container\">\n\t\t\t\t\t<h2 class=\"elementor-heading-title elementor-size-default\">\u00bfC\u00f3mo puede ayudar?<\/h2>\t\t\t\t<\/div>\n\t\t\t\t<\/div>\n\t\t\t\t<div class=\"elementor-element elementor-element-1cdc707 elementor-widget__width-initial elementor-widget elementor-widget-text-editor\" data-id=\"1cdc707\" data-element_type=\"widget\" data-e-type=\"widget\" id=\"learnmore\" data-widget_type=\"text-editor.default\">\n\t\t\t\t<div class=\"elementor-widget-container\">\n\t\t\t\t\t\t\t\t\tEn los estudios LINKER se est\u00e1 inscribiendo a un total de m\u00e1s de 400\u202fpersonas con MM en todo el mundo. El \u00e9xito de los estudios LINKER depende de que los m\u00e9dicos deriven posibles participantes al estudio. Si tiene pacientes potencialmente elegibles e interesados, ofr\u00e9zcales opciones y converse con ellos sobre los estudios LINKER. Tambi\u00e9n se puede comunicar con el centro del estudio m\u00e1s cercano para derivarlos.\t\t\t\t\t\t\t\t<\/div>\n\t\t\t\t<\/div>\n\t\t\t\t\t<\/div>\n\t\t\t\t<\/div>\n\t\t<div class=\"elementor-element elementor-element-03aa1a9 e-flex e-con-boxed e-con e-parent\" data-id=\"03aa1a9\" data-element_type=\"container\" data-e-type=\"container\" data-settings=\"{&quot;background_background&quot;:&quot;classic&quot;}\">\n\t\t\t\t\t<div class=\"e-con-inner\">\n\t\t<div class=\"elementor-element elementor-element-20ca11b gradient-border-bottom-hcp e-flex e-con-boxed e-con e-child\" data-id=\"20ca11b\" data-element_type=\"container\" data-e-type=\"container\">\n\t\t\t\t\t<div class=\"e-con-inner\">\n\t\t<div class=\"elementor-element elementor-element-26811d7 border-bottom-gradient-home e-flex e-con-boxed e-con e-child\" data-id=\"26811d7\" data-element_type=\"container\" data-e-type=\"container\">\n\t\t\t\t\t<div class=\"e-con-inner\">\n\t\t\t\t<div class=\"elementor-element elementor-element-3bc2898 elementor-widget elementor-widget-image\" data-id=\"3bc2898\" data-element_type=\"widget\" data-e-type=\"widget\" data-widget_type=\"image.default\">\n\t\t\t\t<div class=\"elementor-widget-container\">\n\t\t\t\t\t\t\t\t\t\t\t\t\t\t\t\t<a href=\"\/es-cl\/about-linker-mm3\/#pre-screening-questionnaire\">\n\t\t\t\t\t\t\t<img loading=\"lazy\" decoding=\"async\" width=\"350\" height=\"44\" src=\"https:\/\/linkerclinicalstudies.com\/wp-content\/uploads\/2024\/05\/Linker-MM3-hcpsOne.svg\" class=\"attachment-full size-full wp-image-291\" alt=\"\" \/>\t\t\t\t\t\t\t\t<\/a>\n\t\t\t\t\t\t\t\t\t\t\t\t\t\t\t<\/div>\n\t\t\t\t<\/div>\n\t\t\t\t<div class=\"elementor-element elementor-element-3c76b2c elementor-widget elementor-widget-text-editor\" data-id=\"3c76b2c\" data-element_type=\"widget\" data-e-type=\"widget\" data-widget_type=\"text-editor.default\">\n\t\t\t\t<div class=\"elementor-widget-container\">\n\t\t\t\t\t\t\t\t\tUn estudio de investigaci\u00f3n cl\u00ednica para el mieloma m\u00faltiple recurrente o resistente al tratamiento.\t\t\t\t\t\t\t\t<\/div>\n\t\t\t\t<\/div>\n\t\t\t\t<div class=\"elementor-element elementor-element-e6ad23d elementor-widget elementor-widget-text-editor\" data-id=\"e6ad23d\" data-element_type=\"widget\" data-e-type=\"widget\" data-widget_type=\"text-editor.default\">\n\t\t\t\t<div class=\"elementor-widget-container\">\n\t\t\t\t\t\t\t\t\tM\u00e1s informaci\u00f3n &gt;\t\t\t\t\t\t\t\t<\/div>\n\t\t\t\t<\/div>\n\t\t\t\t\t<\/div>\n\t\t\t\t<\/div>\n\t\t<div class=\"elementor-element elementor-element-a2f1fed e-flex e-con-boxed e-con e-child\" data-id=\"a2f1fed\" data-element_type=\"container\" data-e-type=\"container\">\n\t\t\t\t\t<div class=\"e-con-inner\">\n\t\t\t\t<div class=\"elementor-element elementor-element-570bb5b elementor-widget elementor-widget-button\" data-id=\"570bb5b\" data-element_type=\"widget\" data-e-type=\"widget\" data-widget_type=\"button.default\">\n\t\t\t\t<div class=\"elementor-widget-container\">\n\t\t\t\t\t\t\t\t\t<div class=\"elementor-button-wrapper\">\n\t\t\t\t\t<a class=\"elementor-button elementor-button-link elementor-size-sm\" href=\"https:\/\/linkerclinicalstudies.com\/es-cl\/about-linker-mm3\/#site-finder-mm3\">\n\t\t\t\t\t\t<span class=\"elementor-button-content-wrapper\">\n\t\t\t\t\t\t\t\t\t<span class=\"elementor-button-text\">Buscador de centros<\/span>\n\t\t\t\t\t<\/span>\n\t\t\t\t\t<\/a>\n\t\t\t\t<\/div>\n\t\t\t\t\t\t\t\t<\/div>\n\t\t\t\t<\/div>\n\t\t\t\t<div class=\"elementor-element elementor-element-ab8ef65 elementor-widget elementor-widget-button\" data-id=\"ab8ef65\" data-element_type=\"widget\" data-e-type=\"widget\" data-widget_type=\"button.default\">\n\t\t\t\t<div class=\"elementor-widget-container\">\n\t\t\t\t\t<style>.elementor-element-ab8ef65{display:none !important}<\/style>\t\t\t\t<\/div>\n\t\t\t\t<\/div>\n\t\t\t\t<div class=\"elementor-element elementor-element-43758c7 elementor-widget elementor-widget-button\" data-id=\"43758c7\" data-element_type=\"widget\" data-e-type=\"widget\" data-widget_type=\"button.default\">\n\t\t\t\t<div class=\"elementor-widget-container\">\n\t\t\t\t\t\t\t\t\t<div class=\"elementor-button-wrapper\">\n\t\t\t\t\t<a class=\"elementor-button elementor-button-link elementor-size-sm\" href=\"https:\/\/www.clinicaltrials.gov\/study\/NCT05730036?term=LINKER%20MM3&#038;limit=10&#038;rank=1\" target=\"_blank\" rel=\"noopener\">\n\t\t\t\t\t\t<span class=\"elementor-button-content-wrapper\">\n\t\t\t\t\t\t\t\t\t<span class=\"elementor-button-text\">Clinicaltrials.gov<\/span>\n\t\t\t\t\t<\/span>\n\t\t\t\t\t<\/a>\n\t\t\t\t<\/div>\n\t\t\t\t\t\t\t\t<\/div>\n\t\t\t\t<\/div>\n\t\t\t\t<div class=\"elementor-element elementor-element-1e7f4bd elementor-widget elementor-widget-button\" data-id=\"1e7f4bd\" data-element_type=\"widget\" data-e-type=\"widget\" data-widget_type=\"button.default\">\n\t\t\t\t<div class=\"elementor-widget-container\">\n\t\t\t\t\t\t\t\t\t<div class=\"elementor-button-wrapper\">\n\t\t\t\t\t<a class=\"elementor-button elementor-button-link elementor-size-sm\" href=\"https:\/\/euclinicaltrials.eu\/search-for-clinical-trials\/?lang=en&#038;EUCT=2022-501396-62-00\" target=\"_blank\" rel=\"noopener\">\n\t\t\t\t\t\t<span class=\"elementor-button-content-wrapper\">\n\t\t\t\t\t\t\t\t\t<span class=\"elementor-button-text\">Clinicaltrialsregister.eu<\/span>\n\t\t\t\t\t<\/span>\n\t\t\t\t\t<\/a>\n\t\t\t\t<\/div>\n\t\t\t\t\t\t\t\t<\/div>\n\t\t\t\t<\/div>\n\t\t\t\t\t<\/div>\n\t\t\t\t<\/div>\n\t\t\t\t\t<\/div>\n\t\t\t\t<\/div>\n\t\t\t\t\t<\/div>\n\t\t\t\t<\/div>\n\t\t<div class=\"elementor-element elementor-element-41cb590 e-flex e-con-boxed e-con e-parent\" data-id=\"41cb590\" data-element_type=\"container\" data-e-type=\"container\">\n\t\t\t\t\t<div class=\"e-con-inner\">\n\t\t<div class=\"elementor-element elementor-element-e1813de e-con-full e-flex e-con e-child\" data-id=\"e1813de\" data-element_type=\"container\" data-e-type=\"container\">\n\t\t\t\t<div class=\"elementor-element elementor-element-77ecb8b elementor-widget elementor-widget-image\" data-id=\"77ecb8b\" data-element_type=\"widget\" data-e-type=\"widget\" data-widget_type=\"image.default\">\n\t\t\t\t<div class=\"elementor-widget-container\">\n\t\t\t\t\t\t\t\t\t\t\t\t\t\t\t<img loading=\"lazy\" decoding=\"async\" width=\"131\" height=\"132\" src=\"https:\/\/linkerclinicalstudies.com\/wp-content\/uploads\/2024\/05\/medical-history-icon.svg\" class=\"attachment-large size-large wp-image-299\" alt=\"\" \/>\t\t\t\t\t\t\t\t\t\t\t\t\t\t\t<\/div>\n\t\t\t\t<\/div>\n\t\t\t\t<\/div>\n\t\t<div class=\"elementor-element elementor-element-ffefedf e-flex e-con-boxed e-con e-child\" data-id=\"ffefedf\" data-element_type=\"container\" data-e-type=\"container\">\n\t\t\t\t\t<div class=\"e-con-inner\">\n\t\t\t\t<div class=\"elementor-element elementor-element-11d0215 elementor-widget elementor-widget-text-editor\" data-id=\"11d0215\" data-element_type=\"widget\" data-e-type=\"widget\" data-widget_type=\"text-editor.default\">\n\t\t\t\t<div class=\"elementor-widget-container\">\n\t\t\t\t\t\t\t\t\tEl equipo del estudio revisar\u00e1 la historia cl\u00ednica completa de su paciente para determinar si cumple con todos los criterios de inclusi\u00f3n y con ninguno de los criterios de exclusi\u00f3n. La diversidad en estudios cl\u00ednicos es fundamental para el desarrollo de mejores tratamientos; aseg\u00farese de que sus pacientes est\u00e9n representados en la investigaci\u00f3n cl\u00ednica inform\u00e1ndoles sobre los estudios LINKER.\t\t\t\t\t\t\t\t<\/div>\n\t\t\t\t<\/div>\n\t\t\t\t\t<\/div>\n\t\t\t\t<\/div>\n\t\t\t\t\t<\/div>\n\t\t\t\t<\/div>\n\t\t<div class=\"elementor-element elementor-element-f3798c0 e-flex e-con-boxed e-con e-parent\" data-id=\"f3798c0\" data-element_type=\"container\" data-e-type=\"container\" data-settings=\"{&quot;background_background&quot;:&quot;classic&quot;}\">\n\t\t\t\t\t<div class=\"e-con-inner\">\n\t\t<div class=\"elementor-element elementor-element-8bbd472 e-flex e-con-boxed e-con e-child\" data-id=\"8bbd472\" data-element_type=\"container\" data-e-type=\"container\">\n\t\t\t\t\t<div class=\"e-con-inner\">\n\t\t\t\t<div class=\"elementor-element elementor-element-f354be8 elementor-widget elementor-widget-text-editor\" data-id=\"f354be8\" data-element_type=\"widget\" data-e-type=\"widget\" data-widget_type=\"text-editor.default\">\n\t\t\t\t<div class=\"elementor-widget-container\">\n\t\t\t\t\t\t\t\t\tLa salud y la seguridad de su paciente son nuestras prioridades principales. Esperamos que valore el impacto de esta investigaci\u00f3n y considere derivar posibles candidatos. Con su apoyo, esperamos ayudar a pacientes con MM.\t\t\t\t\t\t\t\t<\/div>\n\t\t\t\t<\/div>\n\t\t\t\t\t<\/div>\n\t\t\t\t<\/div>\n\t\t<div class=\"elementor-element elementor-element-2445e96 e-con-full e-flex e-con e-child\" data-id=\"2445e96\" data-element_type=\"container\" data-e-type=\"container\">\n\t\t\t\t<div class=\"elementor-element elementor-element-390445d elementor-widget elementor-widget-image\" data-id=\"390445d\" data-element_type=\"widget\" data-e-type=\"widget\" data-widget_type=\"image.default\">\n\t\t\t\t<div class=\"elementor-widget-container\">\n\t\t\t\t\t\t\t\t\t\t\t\t\t\t\t<img loading=\"lazy\" decoding=\"async\" width=\"132\" height=\"132\" src=\"https:\/\/linkerclinicalstudies.com\/wp-content\/uploads\/2024\/05\/warning-icon.svg\" class=\"attachment-large size-large wp-image-300\" alt=\"\" \/>\t\t\t\t\t\t\t\t\t\t\t\t\t\t\t<\/div>\n\t\t\t\t<\/div>\n\t\t\t\t<\/div>\n\t\t\t\t\t<\/div>\n\t\t\t\t<\/div>\n\t\t\t\t<\/div>","protected":false},"excerpt":{"rendered":"<p>Caring for patients with multiple myeloma?Consider the LINKER studiesWhat is the LINKER-MM3 clinical research study?Clinicaltrials.gov Clinicaltrialsregister.euWhat is the LINKER-MM4 clinical research study?Clinicaltrials.gov Clinicaltrialsregister.eu Caring for patients with multiple myeloma?Consider the LINKER studiesWhat is the LINKER-MM3 clinical research study?Clinicaltrials.gov Clinicaltrialsregister.eu Caring for patients with multiple myeloma?Consider the LINKER studiesWhat is the LINKER-MM3 clinical research study?Clinicaltrials.gov Clinicaltrialsregister.eu [&hellip;]<\/p>\n","protected":false},"author":3,"featured_media":0,"parent":0,"menu_order":0,"comment_status":"closed","ping_status":"closed","template":"","meta":{"inline_featured_image":false,"footnotes":""},"class_list":["post-84","page","type-page","status-publish","hentry"],"_links":{"self":[{"href":"https:\/\/linkerclinicalstudies.com\/es-cl\/wp-json\/wp\/v2\/pages\/84","targetHints":{"allow":["GET"]}}],"collection":[{"href":"https:\/\/linkerclinicalstudies.com\/es-cl\/wp-json\/wp\/v2\/pages"}],"about":[{"href":"https:\/\/linkerclinicalstudies.com\/es-cl\/wp-json\/wp\/v2\/types\/page"}],"author":[{"embeddable":true,"href":"https:\/\/linkerclinicalstudies.com\/es-cl\/wp-json\/wp\/v2\/users\/3"}],"replies":[{"embeddable":true,"href":"https:\/\/linkerclinicalstudies.com\/es-cl\/wp-json\/wp\/v2\/comments?post=84"}],"version-history":[{"count":0,"href":"https:\/\/linkerclinicalstudies.com\/es-cl\/wp-json\/wp\/v2\/pages\/84\/revisions"}],"wp:attachment":[{"href":"https:\/\/linkerclinicalstudies.com\/es-cl\/wp-json\/wp\/v2\/media?parent=84"}],"curies":[{"name":"wp","href":"https:\/\/api.w.org\/{rel}","templated":true}]}}